{"id":37,"date":"2017-10-18T10:32:27","date_gmt":"2017-10-18T10:32:27","guid":{"rendered":"http:\/\/prunidor.lewebfrancais.fr\/?page_id=37"},"modified":"2020-06-10T16:09:14","modified_gmt":"2020-06-10T16:09:14","slug":"creme-de-pruneaux","status":"publish","type":"page","link":"https:\/\/prunidor.fr\/en\/gamme-produit-de-prunidor\/creme-de-pruneaux\/","title":{"rendered":"Cream of prunes"},"content":{"rendered":"[vc_row type=&#8221;full_width_content&#8221; full_screen_row_position=&#8221;middle&#8221; equal_height=&#8221;yes&#8221; content_placement=&#8221;middle&#8221; full_height=&#8221;yes&#8221; columns_placement=&#8221;stretch&#8221; scene_position=&#8221;center&#8221; text_color=&#8221;dark&#8221; text_align=&#8221;left&#8221; overlay_strength=&#8221;0.3&#8243; shape_divider_position=&#8221;bottom&#8221;][vc_column column_padding=&#8221;no-extra-padding&#8221; column_padding_position=&#8221;all&#8221; background_color_opacity=&#8221;1&#8243; background_hover_color_opacity=&#8221;1&#8243; background_image=&#8221;514&#8243; column_shadow=&#8221;none&#8221; column_border_radius=&#8221;none&#8221; width=&#8221;1\/2&#8243; tablet_text_alignment=&#8221;default&#8221; phone_text_alignment=&#8221;default&#8221; column_border_width=&#8221;none&#8221; column_border_style=&#8221;solid&#8221;][divider line_type=&#8221;No Line&#8221; custom_height=&#8221;500&#8243;][\/vc_column][vc_column column_padding=&#8221;padding-8-percent&#8221; column_padding_position=&#8221;all&#8221; background_color=&#8221;#ffffff&#8221; background_color_opacity=&#8221;1&#8243; background_hover_color_opacity=&#8221;1&#8243; column_shadow=&#8221;none&#8221; column_border_radius=&#8221;none&#8221; width=&#8221;1\/2&#8243; tablet_text_alignment=&#8221;default&#8221; phone_text_alignment=&#8221;default&#8221; column_border_width=&#8221;none&#8221; column_border_style=&#8221;solid&#8221;][nectar_animated_title heading_tag=&#8221;h5&#8243; style=&#8221;color-strip-reveal&#8221; color=&#8221;Accent-Color&#8221; text=&#8221;Cream of&#8221;][vc_custom_heading text=&#8221;Prunes&#8221; font_container=&#8221;tag:h2|font_size:42|text_align:left|line_height:52px&#8221; use_theme_fonts=&#8221;yes&#8221;][vc_column_text css=&#8221;.vc_custom_1529598573914{margin-top: 30px !important;margin-bottom: 30px !important;}&#8221;]\nOur prune cream is intended for industrialists, wholesalers, bakers and even individuals. It will soon be available in different formats: 5kg bucket, 90g DOYPACK\u00ae pouch, 375g or 2.5g, in order to best meet the different needs of our customers.<\/p>\n<p>This one could for example, decorate your cr\u00eapes and breadcrumbs, sweeten your white cheeses or accompany a small cheese of goat or sheep.[\/vc_column_text][\/vc_column][\/vc_row]\n","protected":false},"excerpt":{"rendered":"<p>[vc_row type=&#8221;full_width_content&#8221; full_screen_row_position=&#8221;middle&#8221; equal_height=&#8221;yes&#8221; content_placement=&#8221;middle&#8221; full_height=&#8221;yes&#8221; columns_placement=&#8221;stretch&#8221; scene_position=&#8221;center&#8221; text_color=&#8221;dark&#8221; text_align=&#8221;left&#8221; overlay_strength=&#8221;0.3&#8243; shape_divider_position=&#8221;bottom&#8221;][vc_column column_padding=&#8221;no-extra-padding&#8221; column_padding_position=&#8221;all&#8221; background_color_opacity=&#8221;1&#8243; background_hover_color_opacity=&#8221;1&#8243; background_image=&#8221;514&#8243; column_shadow=&#8221;none&#8221; column_border_radius=&#8221;none&#8221; width=&#8221;1\/2&#8243; tablet_text_alignment=&#8221;default&#8221; phone_text_alignment=&#8221;default&#8221; column_border_width=&#8221;none&#8221; column_border_style=&#8221;solid&#8221;][divider line_type=&#8221;No Line&#8221; custom_height=&#8221;500&#8243;][\/vc_column][vc_column column_padding=&#8221;padding-8-percent&#8221; column_padding_position=&#8221;all&#8221; background_color=&#8221;#ffffff&#8221;&#8230;<\/p>\n","protected":false},"author":1,"featured_media":0,"parent":27,"menu_order":0,"comment_status":"closed","ping_status":"closed","template":"","meta":{"_exactmetrics_skip_tracking":false,"_exactmetrics_sitenote_active":false,"_exactmetrics_sitenote_note":"","_exactmetrics_sitenote_category":0,"footnotes":""},"class_list":["post-37","page","type-page","status-publish"],"yoast_head":"<!-- This site is optimized with the Yoast SEO plugin v25.2 - https:\/\/yoast.com\/wordpress\/plugins\/seo\/ -->\n<title>Cream of prunes - PRUNIDOR<\/title>\n<meta name=\"description\" content=\"{:fr}Notre cr\u00e8me de pruneaux est destin\u00e9e aussi bien aux industriels, qu\u2019aux particuliers. Disponible sous diff\u00e9rents formats, celle-ci pourra agr\u00e9menter tous...{:en}Our prune cream is intended for both industrialists and individuals. Available in different formats, this one will be able to decorate all ...{:}\" \/>\n<meta name=\"robots\" content=\"index, follow, max-snippet:-1, max-image-preview:large, max-video-preview:-1\" \/>\n<link rel=\"canonical\" href=\"https:\/\/prunidor.fr\/en\/gamme-produit-de-prunidor\/creme-de-pruneaux\/\" \/>\n<meta property=\"og:locale\" content=\"en_GB\" \/>\n<meta property=\"og:locale:alternate\" content=\"fr_FR\" \/>\n<meta property=\"og:type\" content=\"article\" \/>\n<meta property=\"og:title\" content=\"Cream of prunes\" \/>\n<meta property=\"og:description\" content=\"{:fr}Notre cr\u00e8me de pruneaux est destin\u00e9e aussi bien aux industriels, qu\u2019aux particuliers. Disponible sous diff\u00e9rents formats, celle-ci pourra agr\u00e9menter tous...{:en}Our prune cream is intended for both industrialists and individuals. Available in different formats, this one will be able to decorate all ...{:}\" \/>\n<meta property=\"og:url\" content=\"https:\/\/prunidor.fr\/en\/gamme-produit-de-prunidor\/creme-de-pruneaux\/\" \/>\n<meta property=\"og:site_name\" content=\"PRUNIDOR\" \/>\n<meta property=\"article:modified_time\" content=\"2020-06-10T16:09:14+00:00\" \/>\n<meta name=\"twitter:card\" content=\"summary_large_image\" \/>\n<meta name=\"twitter:label1\" content=\"Estimated reading time\" \/>\n\t<meta name=\"twitter:data1\" content=\"3 minutes\" \/>\n<script type=\"application\/ld+json\" class=\"yoast-schema-graph\">{\"@context\":\"https:\/\/schema.org\",\"@graph\":[{\"@type\":\"WebPage\",\"@id\":\"https:\/\/prunidor.fr\/gamme-produit-de-prunidor\/creme-de-pruneaux\/\",\"url\":\"https:\/\/prunidor.fr\/gamme-produit-de-prunidor\/creme-de-pruneaux\/\",\"name\":\"Cream of prunes\",\"isPartOf\":{\"@id\":\"https:\/\/prunidor.fr\/#website\"},\"datePublished\":\"2017-10-18T10:32:27+00:00\",\"dateModified\":\"2020-06-10T16:09:14+00:00\",\"description\":\"{:fr}Notre cr\u00e8me de pruneaux est destin\u00e9e aussi bien aux industriels, qu\u2019aux particuliers. Disponible sous diff\u00e9rents formats, celle-ci pourra agr\u00e9menter tous...{:en}Our prune cream is intended for both industrialists and individuals. Available in different formats, this one will be able to decorate all ...{:}\",\"breadcrumb\":{\"@id\":\"https:\/\/prunidor.fr\/gamme-produit-de-prunidor\/creme-de-pruneaux\/#breadcrumb\"},\"inLanguage\":\"en-GB\",\"potentialAction\":[{\"@type\":\"ReadAction\",\"target\":[\"https:\/\/prunidor.fr\/gamme-produit-de-prunidor\/creme-de-pruneaux\/\"]}]},{\"@type\":\"BreadcrumbList\",\"@id\":\"https:\/\/prunidor.fr\/gamme-produit-de-prunidor\/creme-de-pruneaux\/#breadcrumb\",\"itemListElement\":[{\"@type\":\"ListItem\",\"position\":1,\"name\":\"Home\",\"item\":\"https:\/\/prunidor.fr\/en\/\"},{\"@type\":\"ListItem\",\"position\":2,\"name\":\"Gamme produit de Prunidor\",\"item\":\"https:\/\/prunidor.fr\/gamme-produit-de-prunidor\/\"},{\"@type\":\"ListItem\",\"position\":3,\"name\":\"Cr\u00e8me de pruneaux\"}]},{\"@type\":\"WebSite\",\"@id\":\"https:\/\/prunidor.fr\/#website\",\"url\":\"https:\/\/prunidor.fr\/\",\"name\":\"PRUNIDOR\",\"description\":\"Producer of Agen Prunes\",\"potentialAction\":[{\"@type\":\"SearchAction\",\"target\":{\"@type\":\"EntryPoint\",\"urlTemplate\":\"https:\/\/prunidor.fr\/?s={search_term_string}\"},\"query-input\":{\"@type\":\"PropertyValueSpecification\",\"valueRequired\":true,\"valueName\":\"search_term_string\"}}],\"inLanguage\":\"en-GB\"}]}<\/script>\n<!-- \/ Yoast SEO plugin. -->","yoast_head_json":{"title":"Cream of prunes - PRUNIDOR","description":"{:fr}Notre cr\u00e8me de pruneaux est destin\u00e9e aussi bien aux industriels, qu\u2019aux particuliers. Disponible sous diff\u00e9rents formats, celle-ci pourra agr\u00e9menter tous...{:en}Our prune cream is intended for both industrialists and individuals. Available in different formats, this one will be able to decorate all ...{:}","robots":{"index":"index","follow":"follow","max-snippet":"max-snippet:-1","max-image-preview":"max-image-preview:large","max-video-preview":"max-video-preview:-1"},"canonical":"https:\/\/prunidor.fr\/en\/gamme-produit-de-prunidor\/creme-de-pruneaux\/","og_locale":"en_GB","og_type":"article","og_title":"[:fr]Cr\u00e8me de pruneaux[:en]Cream of prunes[:] - PRUNIDOR","og_description":"{:fr}Notre cr\u00e8me de pruneaux est destin\u00e9e aussi bien aux industriels, qu\u2019aux particuliers. Disponible sous diff\u00e9rents formats, celle-ci pourra agr\u00e9menter tous...{:en}Our prune cream is intended for both industrialists and individuals. Available in different formats, this one will be able to decorate all ...{:}","og_url":"https:\/\/prunidor.fr\/en\/gamme-produit-de-prunidor\/creme-de-pruneaux\/","og_site_name":"PRUNIDOR","article_modified_time":"2020-06-10T16:09:14+00:00","twitter_card":"summary_large_image","twitter_misc":{"Estimated reading time":"3 minutes"},"schema":{"@context":"https:\/\/schema.org","@graph":[{"@type":"WebPage","@id":"https:\/\/prunidor.fr\/gamme-produit-de-prunidor\/creme-de-pruneaux\/","url":"https:\/\/prunidor.fr\/gamme-produit-de-prunidor\/creme-de-pruneaux\/","name":"Cream of prunes","isPartOf":{"@id":"https:\/\/prunidor.fr\/#website"},"datePublished":"2017-10-18T10:32:27+00:00","dateModified":"2020-06-10T16:09:14+00:00","description":"{:fr}Notre cr\u00e8me de pruneaux est destin\u00e9e aussi bien aux industriels, qu\u2019aux particuliers. Disponible sous diff\u00e9rents formats, celle-ci pourra agr\u00e9menter tous...{:en}Our prune cream is intended for both industrialists and individuals. Available in different formats, this one will be able to decorate all ...{:}","breadcrumb":{"@id":"https:\/\/prunidor.fr\/gamme-produit-de-prunidor\/creme-de-pruneaux\/#breadcrumb"},"inLanguage":"en-GB","potentialAction":[{"@type":"ReadAction","target":["https:\/\/prunidor.fr\/gamme-produit-de-prunidor\/creme-de-pruneaux\/"]}]},{"@type":"BreadcrumbList","@id":"https:\/\/prunidor.fr\/gamme-produit-de-prunidor\/creme-de-pruneaux\/#breadcrumb","itemListElement":[{"@type":"ListItem","position":1,"name":"Home","item":"https:\/\/prunidor.fr\/en\/"},{"@type":"ListItem","position":2,"name":"Gamme produit de Prunidor","item":"https:\/\/prunidor.fr\/gamme-produit-de-prunidor\/"},{"@type":"ListItem","position":3,"name":"Cr\u00e8me de pruneaux"}]},{"@type":"WebSite","@id":"https:\/\/prunidor.fr\/#website","url":"https:\/\/prunidor.fr\/","name":"PRUNIDOR","description":"Producer of Agen Prunes","potentialAction":[{"@type":"SearchAction","target":{"@type":"EntryPoint","urlTemplate":"https:\/\/prunidor.fr\/?s={search_term_string}"},"query-input":{"@type":"PropertyValueSpecification","valueRequired":true,"valueName":"search_term_string"}}],"inLanguage":"en-GB"}]}},"_links":{"self":[{"href":"https:\/\/prunidor.fr\/en\/wp-json\/wp\/v2\/pages\/37","targetHints":{"allow":["GET"]}}],"collection":[{"href":"https:\/\/prunidor.fr\/en\/wp-json\/wp\/v2\/pages"}],"about":[{"href":"https:\/\/prunidor.fr\/en\/wp-json\/wp\/v2\/types\/page"}],"author":[{"embeddable":true,"href":"https:\/\/prunidor.fr\/en\/wp-json\/wp\/v2\/users\/1"}],"replies":[{"embeddable":true,"href":"https:\/\/prunidor.fr\/en\/wp-json\/wp\/v2\/comments?post=37"}],"version-history":[{"count":12,"href":"https:\/\/prunidor.fr\/en\/wp-json\/wp\/v2\/pages\/37\/revisions"}],"predecessor-version":[{"id":720,"href":"https:\/\/prunidor.fr\/en\/wp-json\/wp\/v2\/pages\/37\/revisions\/720"}],"up":[{"embeddable":true,"href":"https:\/\/prunidor.fr\/en\/wp-json\/wp\/v2\/pages\/27"}],"wp:attachment":[{"href":"https:\/\/prunidor.fr\/en\/wp-json\/wp\/v2\/media?parent=37"}],"curies":[{"name":"wp","href":"https:\/\/api.w.org\/{rel}","templated":true}]}}