{"id":29,"date":"2017-10-18T10:28:32","date_gmt":"2017-10-18T10:28:32","guid":{"rendered":"http:\/\/prunidor.lewebfrancais.fr\/?page_id=29"},"modified":"2020-02-28T16:41:04","modified_gmt":"2020-02-28T16:41:04","slug":"sachets-de-fruits-secs","status":"publish","type":"page","link":"https:\/\/prunidor.fr\/en\/gamme-produit-de-prunidor\/sachets-de-fruits-secs\/","title":{"rendered":"Sachets of dried fruits"},"content":{"rendered":"[vc_row type=&#8221;full_width_content&#8221; full_screen_row_position=&#8221;middle&#8221; equal_height=&#8221;yes&#8221; content_placement=&#8221;middle&#8221; full_height=&#8221;yes&#8221; columns_placement=&#8221;stretch&#8221; scene_position=&#8221;center&#8221; text_color=&#8221;dark&#8221; text_align=&#8221;left&#8221; overlay_strength=&#8221;0.3&#8243; shape_divider_position=&#8221;bottom&#8221;][vc_column column_padding=&#8221;no-extra-padding&#8221; column_padding_position=&#8221;all&#8221; background_color_opacity=&#8221;1&#8243; background_hover_color_opacity=&#8221;1&#8243; background_image=&#8221;513&#8243; column_shadow=&#8221;none&#8221; column_border_radius=&#8221;none&#8221; width=&#8221;1\/2&#8243; tablet_text_alignment=&#8221;default&#8221; phone_text_alignment=&#8221;default&#8221; column_border_width=&#8221;none&#8221; column_border_style=&#8221;solid&#8221;][divider line_type=&#8221;No Line&#8221; custom_height=&#8221;500&#8243;][\/vc_column][vc_column column_padding=&#8221;padding-8-percent&#8221; column_padding_position=&#8221;all&#8221; background_color=&#8221;#ffffff&#8221; background_color_opacity=&#8221;1&#8243; background_hover_color_opacity=&#8221;1&#8243; column_shadow=&#8221;none&#8221; column_border_radius=&#8221;none&#8221; width=&#8221;1\/2&#8243; tablet_text_alignment=&#8221;default&#8221; phone_text_alignment=&#8221;default&#8221; column_border_width=&#8221;none&#8221; column_border_style=&#8221;solid&#8221;][nectar_animated_title heading_tag=&#8221;h5&#8243; style=&#8221;color-strip-reveal&#8221; color=&#8221;Accent-Color&#8221; text=&#8221;Sachets of&#8221;][vc_custom_heading text=&#8221;dried fruits&#8221; font_container=&#8221;tag:h2|font_size:42|text_align:left|line_height:52px&#8221; use_theme_fonts=&#8221;yes&#8221;][vc_row_inner column_margin=&#8221;default&#8221; text_align=&#8221;left&#8221;][vc_column_inner column_padding=&#8221;no-extra-padding&#8221; column_padding_position=&#8221;all&#8221; background_color_opacity=&#8221;1&#8243; background_hover_color_opacity=&#8221;1&#8243; column_shadow=&#8221;none&#8221; column_border_radius=&#8221;none&#8221; width=&#8221;1\/1&#8243; column_border_width=&#8221;none&#8221; column_border_style=&#8221;solid&#8221;][vc_column_text css=&#8221;.vc_custom_1529597991250{margin-top: 30px !important;margin-bottom: 30px !important;}&#8221;]In addition to the prune, we offer a range of dried fruits: apricots, figs, grapes. Good for health, they bring you vitamins and minerals daily.<\/p>\n<h3>Apricots<\/h3>\n<p>It is highly recommended for athletes by its natural source of minerals before and after exercise. Rich in vitamin A, it promotes cell growth and strengthens the immune system during pregnancy. Rich in fiber, it has a beneficial action on intestinal function. Apricot has tonic properties for the skin with its integration in cosmetics.[\/vc_column_text][nectar_btn size=&#8221;small&#8221; open_new_tab=&#8221;true&#8221; button_style=&#8221;regular&#8221; button_color_2=&#8221;Accent-Color&#8221; icon_family=&#8221;none&#8221; url=&#8221;\/wp-content\/uploads\/2018\/02\/027.jpg&#8221; text=&#8221;Packaging of apricots&#8221;][\/vc_column_inner][\/vc_row_inner][\/vc_column][\/vc_row][vc_row type=&#8221;full_width_content&#8221; full_screen_row_position=&#8221;middle&#8221; equal_height=&#8221;yes&#8221; content_placement=&#8221;middle&#8221; full_height=&#8221;yes&#8221; columns_placement=&#8221;stretch&#8221; scene_position=&#8221;center&#8221; text_color=&#8221;dark&#8221; text_align=&#8221;left&#8221; overlay_strength=&#8221;0.3&#8243; shape_divider_position=&#8221;bottom&#8221;][vc_column column_padding=&#8221;padding-8-percent&#8221; column_padding_position=&#8221;all&#8221; background_color=&#8221;#ffffff&#8221; background_color_opacity=&#8221;1&#8243; background_hover_color_opacity=&#8221;1&#8243; column_shadow=&#8221;none&#8221; column_border_radius=&#8221;none&#8221; width=&#8221;1\/2&#8243; tablet_text_alignment=&#8221;default&#8221; phone_text_alignment=&#8221;default&#8221; column_border_width=&#8221;none&#8221; column_border_style=&#8221;solid&#8221;][vc_row_inner column_margin=&#8221;default&#8221; text_align=&#8221;right&#8221;][vc_column_inner column_padding=&#8221;no-extra-padding&#8221; column_padding_position=&#8221;all&#8221; background_color_opacity=&#8221;1&#8243; background_hover_color_opacity=&#8221;1&#8243; column_shadow=&#8221;none&#8221; column_border_radius=&#8221;none&#8221; width=&#8221;1\/1&#8243; column_border_width=&#8221;none&#8221; column_border_style=&#8221;solid&#8221;][vc_column_text css=&#8221;.vc_custom_1529598025104{margin-top: 30px !important;margin-bottom: 30px !important;}&#8221;]\n<h3 style=\"text-align: right;\">Figs<\/h3>\n<p>Figs have real healthy virtues, rich in fiber, minerals and vitamin B. They help to strengthen the bones, improves digestion and allow excellent energy intake. They can be consumed throughout the day but also associated with salty or sweet dishes.[\/vc_column_text][nectar_btn size=&#8221;small&#8221; open_new_tab=&#8221;true&#8221; button_style=&#8221;regular&#8221; button_color_2=&#8221;Accent-Color&#8221; icon_family=&#8221;none&#8221; url=&#8221;\/wp-content\/uploads\/2018\/02\/032.jpg&#8221; text=&#8221;Packaging of figs&#8221;][\/vc_column_inner][\/vc_row_inner][\/vc_column][vc_column column_padding=&#8221;no-extra-padding&#8221; column_padding_position=&#8221;all&#8221; background_color_opacity=&#8221;1&#8243; background_hover_color_opacity=&#8221;1&#8243; background_image=&#8221;543&#8243; column_shadow=&#8221;none&#8221; column_border_radius=&#8221;none&#8221; width=&#8221;1\/2&#8243; tablet_text_alignment=&#8221;default&#8221; phone_text_alignment=&#8221;default&#8221; column_border_width=&#8221;none&#8221; column_border_style=&#8221;solid&#8221;][divider line_type=&#8221;No Line&#8221; custom_height=&#8221;500&#8243;][\/vc_column][\/vc_row][vc_row type=&#8221;full_width_content&#8221; full_screen_row_position=&#8221;middle&#8221; equal_height=&#8221;yes&#8221; content_placement=&#8221;middle&#8221; full_height=&#8221;yes&#8221; columns_placement=&#8221;stretch&#8221; scene_position=&#8221;center&#8221; text_color=&#8221;dark&#8221; text_align=&#8221;left&#8221; overlay_strength=&#8221;0.3&#8243; shape_divider_position=&#8221;bottom&#8221;][vc_column column_padding=&#8221;no-extra-padding&#8221; column_padding_position=&#8221;all&#8221; background_color_opacity=&#8221;1&#8243; background_hover_color_opacity=&#8221;1&#8243; background_image=&#8221;544&#8243; column_shadow=&#8221;none&#8221; column_border_radius=&#8221;none&#8221; width=&#8221;1\/2&#8243; tablet_text_alignment=&#8221;default&#8221; phone_text_alignment=&#8221;default&#8221; column_border_width=&#8221;none&#8221; column_border_style=&#8221;solid&#8221;][divider line_type=&#8221;No Line&#8221; custom_height=&#8221;500&#8243;][\/vc_column][vc_column column_padding=&#8221;padding-8-percent&#8221; column_padding_position=&#8221;all&#8221; background_color=&#8221;#ffffff&#8221; background_color_opacity=&#8221;1&#8243; background_hover_color_opacity=&#8221;1&#8243; column_shadow=&#8221;none&#8221; column_border_radius=&#8221;none&#8221; width=&#8221;1\/2&#8243; tablet_text_alignment=&#8221;default&#8221; phone_text_alignment=&#8221;default&#8221; column_border_width=&#8221;none&#8221; column_border_style=&#8221;solid&#8221;][vc_row_inner column_margin=&#8221;default&#8221; text_align=&#8221;left&#8221;][vc_column_inner column_padding=&#8221;no-extra-padding&#8221; column_padding_position=&#8221;all&#8221; background_color_opacity=&#8221;1&#8243; background_hover_color_opacity=&#8221;1&#8243; column_shadow=&#8221;none&#8221; column_border_radius=&#8221;none&#8221; width=&#8221;1\/1&#8243; column_border_width=&#8221;none&#8221; column_border_style=&#8221;solid&#8221;][vc_column_text css=&#8221;.vc_custom_1529598050343{margin-top: 30px !important;margin-bottom: 30px !important;}&#8221;]\n<h3>Grapes<\/h3>\n<p>Like all dried fruits, grapes are a good source of energy and are excellent anti-oxidants but also a source of calcium, iron, minerals, carbohydrates and vitamin B. In addition, grapes are present in the oriental diet as in some cuckoo and taboul\u00e9 recipes.[\/vc_column_text][nectar_btn size=&#8221;small&#8221; open_new_tab=&#8221;true&#8221; button_style=&#8221;regular&#8221; button_color_2=&#8221;Accent-Color&#8221; icon_family=&#8221;none&#8221; url=&#8221;\/wp-content\/uploads\/2018\/02\/040.jpg&#8221; text=&#8221;Packaging of grapes&#8221;][\/vc_column_inner][\/vc_row_inner][\/vc_column][\/vc_row]\n","protected":false},"excerpt":{"rendered":"<p>[vc_row type=&#8221;full_width_content&#8221; full_screen_row_position=&#8221;middle&#8221; equal_height=&#8221;yes&#8221; content_placement=&#8221;middle&#8221; full_height=&#8221;yes&#8221; columns_placement=&#8221;stretch&#8221; scene_position=&#8221;center&#8221; text_color=&#8221;dark&#8221; text_align=&#8221;left&#8221; overlay_strength=&#8221;0.3&#8243; shape_divider_position=&#8221;bottom&#8221;][vc_column column_padding=&#8221;no-extra-padding&#8221; column_padding_position=&#8221;all&#8221; background_color_opacity=&#8221;1&#8243; background_hover_color_opacity=&#8221;1&#8243; background_image=&#8221;513&#8243; column_shadow=&#8221;none&#8221; column_border_radius=&#8221;none&#8221; width=&#8221;1\/2&#8243; tablet_text_alignment=&#8221;default&#8221; phone_text_alignment=&#8221;default&#8221; column_border_width=&#8221;none&#8221; column_border_style=&#8221;solid&#8221;][divider line_type=&#8221;No Line&#8221; custom_height=&#8221;500&#8243;][\/vc_column][vc_column column_padding=&#8221;padding-8-percent&#8221; column_padding_position=&#8221;all&#8221; background_color=&#8221;#ffffff&#8221;&#8230;<\/p>\n","protected":false},"author":1,"featured_media":0,"parent":27,"menu_order":0,"comment_status":"closed","ping_status":"closed","template":"","meta":{"_exactmetrics_skip_tracking":false,"_exactmetrics_sitenote_active":false,"_exactmetrics_sitenote_note":"","_exactmetrics_sitenote_category":0,"footnotes":""},"class_list":["post-29","page","type-page","status-publish"],"yoast_head":"<!-- This site is optimized with the Yoast SEO plugin v25.2 - https:\/\/yoast.com\/wordpress\/plugins\/seo\/ -->\n<title>Sachets of dried fruits - PRUNIDOR<\/title>\n<meta name=\"description\" content=\"{:fr}En compl\u00e9ment du pruneau, nous proposons une gamme de fruits secs. Bons pour la sant\u00e9, ils vous apportent vitamines et min\u00e9raux au quotidien !{:en}In addition to the prune, we offer a range of dried fruits. Good for health, they bring you vitamins and minerals daily!{:}\" \/>\n<meta name=\"robots\" content=\"index, follow, max-snippet:-1, max-image-preview:large, max-video-preview:-1\" \/>\n<link rel=\"canonical\" href=\"https:\/\/prunidor.fr\/en\/gamme-produit-de-prunidor\/sachets-de-fruits-secs\/\" \/>\n<meta property=\"og:locale\" content=\"en_GB\" \/>\n<meta property=\"og:locale:alternate\" content=\"fr_FR\" \/>\n<meta property=\"og:type\" content=\"article\" \/>\n<meta property=\"og:title\" content=\"Sachets of dried fruits\" \/>\n<meta property=\"og:description\" content=\"{:fr}En compl\u00e9ment du pruneau, nous proposons une gamme de fruits secs. Bons pour la sant\u00e9, ils vous apportent vitamines et min\u00e9raux au quotidien !{:en}In addition to the prune, we offer a range of dried fruits. Good for health, they bring you vitamins and minerals daily!{:}\" \/>\n<meta property=\"og:url\" content=\"https:\/\/prunidor.fr\/en\/gamme-produit-de-prunidor\/sachets-de-fruits-secs\/\" \/>\n<meta property=\"og:site_name\" content=\"PRUNIDOR\" \/>\n<meta property=\"article:modified_time\" content=\"2020-02-28T16:41:04+00:00\" \/>\n<meta name=\"twitter:card\" content=\"summary_large_image\" \/>\n<meta name=\"twitter:label1\" content=\"Estimated reading time\" \/>\n\t<meta name=\"twitter:data1\" content=\"9 minutes\" \/>\n<script type=\"application\/ld+json\" class=\"yoast-schema-graph\">{\"@context\":\"https:\/\/schema.org\",\"@graph\":[{\"@type\":\"WebPage\",\"@id\":\"https:\/\/prunidor.fr\/en\/gamme-produit-de-prunidor\/sachets-de-fruits-secs\/\",\"url\":\"https:\/\/prunidor.fr\/en\/gamme-produit-de-prunidor\/sachets-de-fruits-secs\/\",\"name\":\"Sachets of dried fruits\",\"isPartOf\":{\"@id\":\"https:\/\/prunidor.fr\/#website\"},\"datePublished\":\"2017-10-18T10:28:32+00:00\",\"dateModified\":\"2020-02-28T16:41:04+00:00\",\"description\":\"{:fr}En compl\u00e9ment du pruneau, nous proposons une gamme de fruits secs. Bons pour la sant\u00e9, ils vous apportent vitamines et min\u00e9raux au quotidien !{:en}In addition to the prune, we offer a range of dried fruits. Good for health, they bring you vitamins and minerals daily!{:}\",\"breadcrumb\":{\"@id\":\"https:\/\/prunidor.fr\/en\/gamme-produit-de-prunidor\/sachets-de-fruits-secs\/#breadcrumb\"},\"inLanguage\":\"en-GB\",\"potentialAction\":[{\"@type\":\"ReadAction\",\"target\":[\"https:\/\/prunidor.fr\/en\/gamme-produit-de-prunidor\/sachets-de-fruits-secs\/\"]}]},{\"@type\":\"BreadcrumbList\",\"@id\":\"https:\/\/prunidor.fr\/en\/gamme-produit-de-prunidor\/sachets-de-fruits-secs\/#breadcrumb\",\"itemListElement\":[{\"@type\":\"ListItem\",\"position\":1,\"name\":\"Home\",\"item\":\"https:\/\/prunidor.fr\/en\/\"},{\"@type\":\"ListItem\",\"position\":2,\"name\":\"Gamme produit de Prunidor\",\"item\":\"https:\/\/prunidor.fr\/gamme-produit-de-prunidor\/\"},{\"@type\":\"ListItem\",\"position\":3,\"name\":\"Sachets of dried fruits\"}]},{\"@type\":\"WebSite\",\"@id\":\"https:\/\/prunidor.fr\/#website\",\"url\":\"https:\/\/prunidor.fr\/\",\"name\":\"PRUNIDOR\",\"description\":\"Producer of Agen Prunes\",\"potentialAction\":[{\"@type\":\"SearchAction\",\"target\":{\"@type\":\"EntryPoint\",\"urlTemplate\":\"https:\/\/prunidor.fr\/?s={search_term_string}\"},\"query-input\":{\"@type\":\"PropertyValueSpecification\",\"valueRequired\":true,\"valueName\":\"search_term_string\"}}],\"inLanguage\":\"en-GB\"}]}<\/script>\n<!-- \/ Yoast SEO plugin. -->","yoast_head_json":{"title":"Sachets of dried fruits - PRUNIDOR","description":"{:fr}En compl\u00e9ment du pruneau, nous proposons une gamme de fruits secs. Bons pour la sant\u00e9, ils vous apportent vitamines et min\u00e9raux au quotidien !{:en}In addition to the prune, we offer a range of dried fruits. Good for health, they bring you vitamins and minerals daily!{:}","robots":{"index":"index","follow":"follow","max-snippet":"max-snippet:-1","max-image-preview":"max-image-preview:large","max-video-preview":"max-video-preview:-1"},"canonical":"https:\/\/prunidor.fr\/en\/gamme-produit-de-prunidor\/sachets-de-fruits-secs\/","og_locale":"en_GB","og_type":"article","og_title":"[:fr]Sachets de fruits secs[:en]Sachets of dried fruits[:] - PRUNIDOR","og_description":"{:fr}En compl\u00e9ment du pruneau, nous proposons une gamme de fruits secs. Bons pour la sant\u00e9, ils vous apportent vitamines et min\u00e9raux au quotidien !{:en}In addition to the prune, we offer a range of dried fruits. Good for health, they bring you vitamins and minerals daily!{:}","og_url":"https:\/\/prunidor.fr\/en\/gamme-produit-de-prunidor\/sachets-de-fruits-secs\/","og_site_name":"PRUNIDOR","article_modified_time":"2020-02-28T16:41:04+00:00","twitter_card":"summary_large_image","twitter_misc":{"Estimated reading time":"9 minutes"},"schema":{"@context":"https:\/\/schema.org","@graph":[{"@type":"WebPage","@id":"https:\/\/prunidor.fr\/en\/gamme-produit-de-prunidor\/sachets-de-fruits-secs\/","url":"https:\/\/prunidor.fr\/en\/gamme-produit-de-prunidor\/sachets-de-fruits-secs\/","name":"Sachets of dried fruits","isPartOf":{"@id":"https:\/\/prunidor.fr\/#website"},"datePublished":"2017-10-18T10:28:32+00:00","dateModified":"2020-02-28T16:41:04+00:00","description":"{:fr}En compl\u00e9ment du pruneau, nous proposons une gamme de fruits secs. Bons pour la sant\u00e9, ils vous apportent vitamines et min\u00e9raux au quotidien !{:en}In addition to the prune, we offer a range of dried fruits. Good for health, they bring you vitamins and minerals daily!{:}","breadcrumb":{"@id":"https:\/\/prunidor.fr\/en\/gamme-produit-de-prunidor\/sachets-de-fruits-secs\/#breadcrumb"},"inLanguage":"en-GB","potentialAction":[{"@type":"ReadAction","target":["https:\/\/prunidor.fr\/en\/gamme-produit-de-prunidor\/sachets-de-fruits-secs\/"]}]},{"@type":"BreadcrumbList","@id":"https:\/\/prunidor.fr\/en\/gamme-produit-de-prunidor\/sachets-de-fruits-secs\/#breadcrumb","itemListElement":[{"@type":"ListItem","position":1,"name":"Home","item":"https:\/\/prunidor.fr\/en\/"},{"@type":"ListItem","position":2,"name":"Gamme produit de Prunidor","item":"https:\/\/prunidor.fr\/gamme-produit-de-prunidor\/"},{"@type":"ListItem","position":3,"name":"Sachets of dried fruits"}]},{"@type":"WebSite","@id":"https:\/\/prunidor.fr\/#website","url":"https:\/\/prunidor.fr\/","name":"PRUNIDOR","description":"Producer of Agen Prunes","potentialAction":[{"@type":"SearchAction","target":{"@type":"EntryPoint","urlTemplate":"https:\/\/prunidor.fr\/?s={search_term_string}"},"query-input":{"@type":"PropertyValueSpecification","valueRequired":true,"valueName":"search_term_string"}}],"inLanguage":"en-GB"}]}},"_links":{"self":[{"href":"https:\/\/prunidor.fr\/en\/wp-json\/wp\/v2\/pages\/29","targetHints":{"allow":["GET"]}}],"collection":[{"href":"https:\/\/prunidor.fr\/en\/wp-json\/wp\/v2\/pages"}],"about":[{"href":"https:\/\/prunidor.fr\/en\/wp-json\/wp\/v2\/types\/page"}],"author":[{"embeddable":true,"href":"https:\/\/prunidor.fr\/en\/wp-json\/wp\/v2\/users\/1"}],"replies":[{"embeddable":true,"href":"https:\/\/prunidor.fr\/en\/wp-json\/wp\/v2\/comments?post=29"}],"version-history":[{"count":18,"href":"https:\/\/prunidor.fr\/en\/wp-json\/wp\/v2\/pages\/29\/revisions"}],"predecessor-version":[{"id":708,"href":"https:\/\/prunidor.fr\/en\/wp-json\/wp\/v2\/pages\/29\/revisions\/708"}],"up":[{"embeddable":true,"href":"https:\/\/prunidor.fr\/en\/wp-json\/wp\/v2\/pages\/27"}],"wp:attachment":[{"href":"https:\/\/prunidor.fr\/en\/wp-json\/wp\/v2\/media?parent=29"}],"curies":[{"name":"wp","href":"https:\/\/api.w.org\/{rel}","templated":true}]}}