{"id":27,"date":"2017-10-18T10:27:48","date_gmt":"2017-10-18T10:27:48","guid":{"rendered":"http:\/\/prunidor.lewebfrancais.fr\/?page_id=27"},"modified":"2018-06-21T16:01:09","modified_gmt":"2018-06-21T16:01:09","slug":"gamme-produit-de-prunidor","status":"publish","type":"page","link":"https:\/\/prunidor.fr\/en\/gamme-produit-de-prunidor\/","title":{"rendered":"Product range of Prunidor"},"content":{"rendered":"[vc_row type=&#8221;in_container&#8221; full_screen_row_position=&#8221;middle&#8221; scene_position=&#8221;center&#8221; text_color=&#8221;dark&#8221; text_align=&#8221;left&#8221; top_padding=&#8221;5%&#8221; overlay_strength=&#8221;0.3&#8243; shape_divider_position=&#8221;bottom&#8221; shape_type=&#8221;&#8221;][vc_column centered_text=&#8221;true&#8221; column_padding=&#8221;no-extra-padding&#8221; column_padding_position=&#8221;all&#8221; background_color_opacity=&#8221;1&#8243; background_hover_color_opacity=&#8221;1&#8243; column_shadow=&#8221;none&#8221; column_border_radius=&#8221;none&#8221; width=&#8221;1\/1&#8243; tablet_text_alignment=&#8221;default&#8221; phone_text_alignment=&#8221;default&#8221; column_border_width=&#8221;none&#8221; column_border_style=&#8221;solid&#8221;][vc_column_text]\n<h2 style=\"text-align: center;\">Our product range<\/h2>\n[\/vc_column_text][divider line_type=&#8221;Small Line&#8221; line_thickness=&#8221;4&#8243; divider_color=&#8221;accent-color&#8221; animate=&#8221;yes&#8221; custom_height=&#8221;100&#8243; custom_line_width=&#8221;100&#8243;][vc_row_inner column_margin=&#8221;default&#8221; text_align=&#8221;left&#8221;][vc_column_inner column_padding=&#8221;no-extra-padding&#8221; column_padding_position=&#8221;all&#8221; background_color_opacity=&#8221;1&#8243; background_hover_color_opacity=&#8221;1&#8243; column_shadow=&#8221;none&#8221; column_border_radius=&#8221;none&#8221; width=&#8221;1\/3&#8243; column_border_width=&#8221;none&#8221; column_border_style=&#8221;solid&#8221;][fancy_box box_style=&#8221;default&#8221; icon_family=&#8221;none&#8221; image_url=&#8221;503&#8243; color=&#8221;Accent-Color&#8221; color_scheme=&#8221;dark&#8221; secondary_content=&#8221;here&#8217;s some awesome text that would only be shown on hover&#8221; min_height=&#8221;450&#8243; link_url=&#8221;\/gamme-produit-de-prunidor\/sachets-de-pruneaux-dagen\/&#8221;]\n<h2>Sachets of prunes<\/h2>\n[\/fancy_box][\/vc_column_inner][vc_column_inner column_padding=&#8221;no-extra-padding&#8221; column_padding_position=&#8221;all&#8221; background_color_opacity=&#8221;1&#8243; background_hover_color_opacity=&#8221;1&#8243; column_shadow=&#8221;none&#8221; column_border_radius=&#8221;none&#8221; width=&#8221;1\/3&#8243; column_border_width=&#8221;none&#8221; column_border_style=&#8221;solid&#8221;][fancy_box box_style=&#8221;default&#8221; icon_family=&#8221;none&#8221; image_url=&#8221;513&#8243; color=&#8221;Accent-Color&#8221; color_scheme=&#8221;dark&#8221; secondary_content=&#8221;&#8221; min_height=&#8221;450&#8243; link_url=&#8221;\/gamme-produit-de-prunidor\/sachets-de-fruits-secs\/&#8221;]\n<h2>Sachets of dried fruits<\/h2>\n[\/fancy_box][\/vc_column_inner][vc_column_inner column_padding=&#8221;no-extra-padding&#8221; column_padding_position=&#8221;all&#8221; background_color_opacity=&#8221;1&#8243; background_hover_color_opacity=&#8221;1&#8243; column_shadow=&#8221;none&#8221; column_border_radius=&#8221;none&#8221; width=&#8221;1\/3&#8243; column_border_width=&#8221;none&#8221; column_border_style=&#8221;solid&#8221;][fancy_box box_style=&#8221;default&#8221; icon_family=&#8221;none&#8221; image_url=&#8221;262&#8243; color=&#8221;Accent-Color&#8221; color_scheme=&#8221;dark&#8221; secondary_content=&#8221;here&#8217;s some awesome text that would only be shown on hover&#8221; link_url=&#8221;\/gamme-produit-de-prunidor\/vrac\/&#8221; min_height=&#8221;450&#8243;]\n<h2>Bulk range<\/h2>\n[\/fancy_box][\/vc_column_inner][\/vc_row_inner][vc_row_inner column_margin=&#8221;default&#8221; text_align=&#8221;left&#8221;][vc_column_inner column_padding=&#8221;no-extra-padding&#8221; column_padding_position=&#8221;all&#8221; background_color_opacity=&#8221;1&#8243; background_hover_color_opacity=&#8221;1&#8243; column_shadow=&#8221;none&#8221; column_border_radius=&#8221;none&#8221; width=&#8221;1\/3&#8243; column_border_width=&#8221;none&#8221; column_border_style=&#8221;solid&#8221;][fancy_box box_style=&#8221;default&#8221; icon_family=&#8221;none&#8221; image_url=&#8221;261&#8243; color=&#8221;Accent-Color&#8221; color_scheme=&#8221;dark&#8221; secondary_content=&#8221;here&#8217;s some awesome text that would only be shown on hover&#8221; min_height=&#8221;450&#8243; link_url=&#8221;\/gamme-produit-de-prunidor\/bio\/&#8221;]\n<h2>Organic prunes<\/h2>\n[\/fancy_box][\/vc_column_inner][vc_column_inner column_padding=&#8221;no-extra-padding&#8221; column_padding_position=&#8221;all&#8221; background_color_opacity=&#8221;1&#8243; background_hover_color_opacity=&#8221;1&#8243; column_shadow=&#8221;none&#8221; column_border_radius=&#8221;none&#8221; width=&#8221;1\/3&#8243; column_border_width=&#8221;none&#8221; column_border_style=&#8221;solid&#8221;][fancy_box box_style=&#8221;default&#8221; icon_family=&#8221;none&#8221; image_url=&#8221;257&#8243; color=&#8221;Accent-Color&#8221; color_scheme=&#8221;dark&#8221; secondary_content=&#8221;&#8221; min_height=&#8221;450&#8243; link_url=&#8221;\/gamme-produit-de-prunidor\/puree-baby-food\/&#8221;]\n<h2>Puree of prunes<\/h2>\n[\/fancy_box][\/vc_column_inner][vc_column_inner column_padding=&#8221;no-extra-padding&#8221; column_padding_position=&#8221;all&#8221; background_color_opacity=&#8221;1&#8243; background_hover_color_opacity=&#8221;1&#8243; column_shadow=&#8221;none&#8221; column_border_radius=&#8221;none&#8221; width=&#8221;1\/3&#8243; column_border_width=&#8221;none&#8221; column_border_style=&#8221;solid&#8221;][fancy_box box_style=&#8221;default&#8221; icon_family=&#8221;none&#8221; image_url=&#8221;514&#8243; color=&#8221;Accent-Color&#8221; color_scheme=&#8221;dark&#8221; secondary_content=&#8221;here&#8217;s some awesome text that would only be shown on hover&#8221; link_url=&#8221;\/gamme-produit-de-prunidor\/creme-de-pruneaux\/&#8221; min_height=&#8221;450&#8243;]\n<h2>Cream of prunes<\/h2>\n[\/fancy_box][\/vc_column_inner][\/vc_row_inner][\/vc_column][\/vc_row][vc_row type=&#8221;in_container&#8221; full_screen_row_position=&#8221;middle&#8221; scene_position=&#8221;center&#8221; text_color=&#8221;dark&#8221; text_align=&#8221;left&#8221; overlay_strength=&#8221;0.3&#8243; shape_divider_position=&#8221;bottom&#8221;][vc_column column_padding=&#8221;no-extra-padding&#8221; column_padding_position=&#8221;all&#8221; background_color_opacity=&#8221;1&#8243; background_hover_color_opacity=&#8221;1&#8243; column_shadow=&#8221;none&#8221; column_border_radius=&#8221;none&#8221; width=&#8221;1\/1&#8243; tablet_text_alignment=&#8221;default&#8221; phone_text_alignment=&#8221;default&#8221; column_border_width=&#8221;none&#8221; column_border_style=&#8221;solid&#8221;][divider line_type=&#8221;No Line&#8221; custom_height=&#8221;60&#8243;][\/vc_column][\/vc_row]\n","protected":false},"excerpt":{"rendered":"<p>[vc_row type=&#8221;in_container&#8221; full_screen_row_position=&#8221;middle&#8221; scene_position=&#8221;center&#8221; text_color=&#8221;dark&#8221; text_align=&#8221;left&#8221; top_padding=&#8221;5%&#8221; overlay_strength=&#8221;0.3&#8243; shape_divider_position=&#8221;bottom&#8221; shape_type=&#8221;&#8221;][vc_column centered_text=&#8221;true&#8221; column_padding=&#8221;no-extra-padding&#8221; column_padding_position=&#8221;all&#8221; background_color_opacity=&#8221;1&#8243; background_hover_color_opacity=&#8221;1&#8243; column_shadow=&#8221;none&#8221; column_border_radius=&#8221;none&#8221; width=&#8221;1\/1&#8243; tablet_text_alignment=&#8221;default&#8221; phone_text_alignment=&#8221;default&#8221; column_border_width=&#8221;none&#8221; column_border_style=&#8221;solid&#8221;][vc_column_text] Our product range [\/vc_column_text][divider line_type=&#8221;Small Line&#8221; line_thickness=&#8221;4&#8243; divider_color=&#8221;accent-color&#8221;&#8230;<\/p>\n","protected":false},"author":1,"featured_media":0,"parent":0,"menu_order":0,"comment_status":"closed","ping_status":"closed","template":"","meta":{"_exactmetrics_skip_tracking":false,"_exactmetrics_sitenote_active":false,"_exactmetrics_sitenote_note":"","_exactmetrics_sitenote_category":0,"footnotes":""},"class_list":["post-27","page","type-page","status-publish"],"yoast_head":"<!-- This site is optimized with the Yoast SEO plugin v25.2 - https:\/\/yoast.com\/wordpress\/plugins\/seo\/ -->\n<title>Product range of Prunidor - PRUNIDOR<\/title>\n<meta name=\"description\" content=\"Specialists in Agen prunes and dried fruits, we have a diversified product range: bulk, organic prunes, dried fruit sachets, creams, ...\" \/>\n<meta name=\"robots\" content=\"index, follow, max-snippet:-1, max-image-preview:large, max-video-preview:-1\" \/>\n<link rel=\"canonical\" href=\"https:\/\/prunidor.fr\/en\/gamme-produit-de-prunidor\/\" \/>\n<meta property=\"og:locale\" content=\"en_GB\" \/>\n<meta property=\"og:locale:alternate\" content=\"fr_FR\" \/>\n<meta property=\"og:type\" content=\"article\" \/>\n<meta property=\"og:title\" content=\"Product range of Prunidor\" \/>\n<meta property=\"og:description\" content=\"Sp\u00e9cialistes des pruneaux d&#039;Agen et fruits secs, nous disposons d&#039;une gamme de produit diversifi\u00e9e : vrac, pruneaux bio, sachets de fruits secs, cr\u00e8mes, ...\" \/>\n<meta property=\"og:url\" content=\"https:\/\/prunidor.fr\/en\/gamme-produit-de-prunidor\/\" \/>\n<meta property=\"og:site_name\" content=\"PRUNIDOR\" \/>\n<meta property=\"article:modified_time\" content=\"2018-06-21T16:01:09+00:00\" \/>\n<meta name=\"twitter:card\" content=\"summary_large_image\" \/>\n<meta name=\"twitter:label1\" content=\"Estimated reading time\" \/>\n\t<meta name=\"twitter:data1\" content=\"6 minutes\" \/>\n<script type=\"application\/ld+json\" class=\"yoast-schema-graph\">{\"@context\":\"https:\/\/schema.org\",\"@graph\":[{\"@type\":\"WebPage\",\"@id\":\"https:\/\/prunidor.fr\/gamme-produit-de-prunidor\/\",\"url\":\"https:\/\/prunidor.fr\/gamme-produit-de-prunidor\/\",\"name\":\"Product range of Prunidor\",\"isPartOf\":{\"@id\":\"https:\/\/prunidor.fr\/#website\"},\"datePublished\":\"2017-10-18T10:27:48+00:00\",\"dateModified\":\"2018-06-21T16:01:09+00:00\",\"description\":\"Sp\u00e9cialistes des pruneaux d'Agen et fruits secs, nous disposons d'une gamme de produit diversifi\u00e9e : vrac, pruneaux bio, sachets de fruits secs, cr\u00e8mes, ...\",\"breadcrumb\":{\"@id\":\"https:\/\/prunidor.fr\/gamme-produit-de-prunidor\/#breadcrumb\"},\"inLanguage\":\"en-GB\",\"potentialAction\":[{\"@type\":\"ReadAction\",\"target\":[\"https:\/\/prunidor.fr\/gamme-produit-de-prunidor\/\"]}]},{\"@type\":\"BreadcrumbList\",\"@id\":\"https:\/\/prunidor.fr\/gamme-produit-de-prunidor\/#breadcrumb\",\"itemListElement\":[{\"@type\":\"ListItem\",\"position\":1,\"name\":\"Home\",\"item\":\"https:\/\/prunidor.fr\/en\/\"},{\"@type\":\"ListItem\",\"position\":2,\"name\":\"Gamme produit de Prunidor\"}]},{\"@type\":\"WebSite\",\"@id\":\"https:\/\/prunidor.fr\/#website\",\"url\":\"https:\/\/prunidor.fr\/\",\"name\":\"PRUNIDOR\",\"description\":\"Producer of Agen Prunes\",\"potentialAction\":[{\"@type\":\"SearchAction\",\"target\":{\"@type\":\"EntryPoint\",\"urlTemplate\":\"https:\/\/prunidor.fr\/?s={search_term_string}\"},\"query-input\":{\"@type\":\"PropertyValueSpecification\",\"valueRequired\":true,\"valueName\":\"search_term_string\"}}],\"inLanguage\":\"en-GB\"}]}<\/script>\n<!-- \/ Yoast SEO plugin. -->","yoast_head_json":{"title":"Product range of Prunidor - PRUNIDOR","description":"Specialists in Agen prunes and dried fruits, we have a diversified product range: bulk, organic prunes, dried fruit sachets, creams, ...","robots":{"index":"index","follow":"follow","max-snippet":"max-snippet:-1","max-image-preview":"max-image-preview:large","max-video-preview":"max-video-preview:-1"},"canonical":"https:\/\/prunidor.fr\/en\/gamme-produit-de-prunidor\/","og_locale":"en_GB","og_type":"article","og_title":"[:en]Product range of Prunidor[:fr]Gamme produit de Prunidor[:] - PRUNIDOR","og_description":"Sp\u00e9cialistes des pruneaux d'Agen et fruits secs, nous disposons d'une gamme de produit diversifi\u00e9e : vrac, pruneaux bio, sachets de fruits secs, cr\u00e8mes, ...","og_url":"https:\/\/prunidor.fr\/en\/gamme-produit-de-prunidor\/","og_site_name":"PRUNIDOR","article_modified_time":"2018-06-21T16:01:09+00:00","twitter_card":"summary_large_image","twitter_misc":{"Estimated reading time":"6 minutes"},"schema":{"@context":"https:\/\/schema.org","@graph":[{"@type":"WebPage","@id":"https:\/\/prunidor.fr\/gamme-produit-de-prunidor\/","url":"https:\/\/prunidor.fr\/gamme-produit-de-prunidor\/","name":"Product range of Prunidor","isPartOf":{"@id":"https:\/\/prunidor.fr\/#website"},"datePublished":"2017-10-18T10:27:48+00:00","dateModified":"2018-06-21T16:01:09+00:00","description":"Sp\u00e9cialistes des pruneaux d'Agen et fruits secs, nous disposons d'une gamme de produit diversifi\u00e9e : vrac, pruneaux bio, sachets de fruits secs, cr\u00e8mes, ...","breadcrumb":{"@id":"https:\/\/prunidor.fr\/gamme-produit-de-prunidor\/#breadcrumb"},"inLanguage":"en-GB","potentialAction":[{"@type":"ReadAction","target":["https:\/\/prunidor.fr\/gamme-produit-de-prunidor\/"]}]},{"@type":"BreadcrumbList","@id":"https:\/\/prunidor.fr\/gamme-produit-de-prunidor\/#breadcrumb","itemListElement":[{"@type":"ListItem","position":1,"name":"Home","item":"https:\/\/prunidor.fr\/en\/"},{"@type":"ListItem","position":2,"name":"Gamme produit de Prunidor"}]},{"@type":"WebSite","@id":"https:\/\/prunidor.fr\/#website","url":"https:\/\/prunidor.fr\/","name":"PRUNIDOR","description":"Producer of Agen Prunes","potentialAction":[{"@type":"SearchAction","target":{"@type":"EntryPoint","urlTemplate":"https:\/\/prunidor.fr\/?s={search_term_string}"},"query-input":{"@type":"PropertyValueSpecification","valueRequired":true,"valueName":"search_term_string"}}],"inLanguage":"en-GB"}]}},"_links":{"self":[{"href":"https:\/\/prunidor.fr\/en\/wp-json\/wp\/v2\/pages\/27","targetHints":{"allow":["GET"]}}],"collection":[{"href":"https:\/\/prunidor.fr\/en\/wp-json\/wp\/v2\/pages"}],"about":[{"href":"https:\/\/prunidor.fr\/en\/wp-json\/wp\/v2\/types\/page"}],"author":[{"embeddable":true,"href":"https:\/\/prunidor.fr\/en\/wp-json\/wp\/v2\/users\/1"}],"replies":[{"embeddable":true,"href":"https:\/\/prunidor.fr\/en\/wp-json\/wp\/v2\/comments?post=27"}],"version-history":[{"count":16,"href":"https:\/\/prunidor.fr\/en\/wp-json\/wp\/v2\/pages\/27\/revisions"}],"predecessor-version":[{"id":613,"href":"https:\/\/prunidor.fr\/en\/wp-json\/wp\/v2\/pages\/27\/revisions\/613"}],"wp:attachment":[{"href":"https:\/\/prunidor.fr\/en\/wp-json\/wp\/v2\/media?parent=27"}],"curies":[{"name":"wp","href":"https:\/\/api.w.org\/{rel}","templated":true}]}}