{"id":13,"date":"2017-10-10T10:08:29","date_gmt":"2017-10-10T10:08:29","guid":{"rendered":"http:\/?page_id=13"},"modified":"2018-06-21T16:56:04","modified_gmt":"2018-06-21T16:56:04","slug":"mentions-legales","status":"publish","type":"page","link":"https:\/\/prunidor.fr\/en\/mentions-legales\/","title":{"rendered":"Legal terms"},"content":{"rendered":"[vc_row type=&#8221;in_container&#8221; full_screen_row_position=&#8221;middle&#8221; scene_position=&#8221;center&#8221; text_color=&#8221;dark&#8221; text_align=&#8221;left&#8221; overlay_strength=&#8221;0.3&#8243; shape_divider_position=&#8221;bottom&#8221;][vc_column column_padding=&#8221;no-extra-padding&#8221; column_padding_position=&#8221;all&#8221; background_color_opacity=&#8221;1&#8243; background_hover_color_opacity=&#8221;1&#8243; column_shadow=&#8221;none&#8221; column_border_radius=&#8221;none&#8221; width=&#8221;1\/1&#8243; tablet_text_alignment=&#8221;default&#8221; phone_text_alignment=&#8221;default&#8221; column_border_width=&#8221;none&#8221; column_border_style=&#8221;solid&#8221;][vc_column_text]\n<h2>Legal terms<\/h2>\n<p><em>This entire site is governed by French and international legislation on copyright and intellectual property. All rights of reproduction are reserved, including for iconographic and photographic documents.<\/em><\/p>\n<h5>WEBSITE<\/h5>\n<p>Name : PRUNIDOR<br \/>\nURL\u00a0 : www.prunidor.fr<\/p>\n<h5>OWNER<\/h5>\n<p>PRUNIDOR<br \/>\nRC Bergerac B 319 815 486<br \/>\nSIRET 319 815 486 00026<br \/>\nCode APE 1039B<br \/>\nN\u00b0IC FR 703 198 15486<\/p>\n<h5>PUBLICATION<\/h5>\n<p>Publication Director : <a href=\"https:\/\/www.lewebfrancais.fr\/\">Le Web Fran\u00e7ais<\/a><\/p>\n<h5>CREATOR<\/h5>\n<p>LE WEB FRANCAIS SAS<br \/>\n36 rue saint Nicolas \u2013 33800 Bordeaux \u2013 France<br \/>\ncontact@lewebfrancais.fr<br \/>\n<a title=\"Le Web Francais agence d\u00e9veloppement de sites internet bordeaux et bergerac\" href=\"www.lewebfrancais.fr\" target=\"_blank\" rel=\"noopener\">www.lewebfrancais.fr<\/a><\/p>\n<h5>SITE HOSTER<\/h5>\n<p>OVH<br \/>\nSAS au capital de 10 059 500 \u20ac<br \/>\nRCS Lille M\u00e9tropole 424 761 419 00045<br \/>\nCode APE 6202A<br \/>\nN\u00b0 TVA : FR 22 424 761 419<br \/>\nSi\u00e8ge social : 2 rue Kellermann \u2013 59100 Roubaix \u2013 France.<\/p>\n<h5>PERSONAL DATA<\/h5>\n<p>In general, you can visit our site on the Internet without having to disclose your identity and to provide personal information about you. However, we may sometimes ask you for information. For example, to process an order or to make a match. We may supplement this information to close a transaction or offer a better service.[\/vc_column_text][\/vc_column][\/vc_row]\n","protected":false},"excerpt":{"rendered":"<p>[vc_row type=&#8221;in_container&#8221; full_screen_row_position=&#8221;middle&#8221; scene_position=&#8221;center&#8221; text_color=&#8221;dark&#8221; text_align=&#8221;left&#8221; overlay_strength=&#8221;0.3&#8243; shape_divider_position=&#8221;bottom&#8221;][vc_column column_padding=&#8221;no-extra-padding&#8221; column_padding_position=&#8221;all&#8221; background_color_opacity=&#8221;1&#8243; background_hover_color_opacity=&#8221;1&#8243; column_shadow=&#8221;none&#8221; column_border_radius=&#8221;none&#8221; width=&#8221;1\/1&#8243; tablet_text_alignment=&#8221;default&#8221; phone_text_alignment=&#8221;default&#8221; column_border_width=&#8221;none&#8221; column_border_style=&#8221;solid&#8221;][vc_column_text] Legal terms This entire site is governed by French and international&#8230;<\/p>\n","protected":false},"author":1,"featured_media":0,"parent":0,"menu_order":0,"comment_status":"closed","ping_status":"closed","template":"","meta":{"_exactmetrics_skip_tracking":false,"_exactmetrics_sitenote_active":false,"_exactmetrics_sitenote_note":"","_exactmetrics_sitenote_category":0,"footnotes":""},"class_list":["post-13","page","type-page","status-publish"],"yoast_head":"<!-- This site is optimized with the Yoast SEO plugin v25.2 - https:\/\/yoast.com\/wordpress\/plugins\/seo\/ -->\n<title>Legal terms - PRUNIDOR<\/title>\n<meta name=\"description\" content=\"D\u2019une fa\u00e7on g\u00e9n\u00e9rale, vous pouvez visiter notre site sur Internet sans avoir \u00e0 d\u00e9cliner votre identit\u00e9 et \u00e0 fournir des informations personnelles.\" \/>\n<meta name=\"robots\" content=\"index, follow, max-snippet:-1, max-image-preview:large, max-video-preview:-1\" \/>\n<link rel=\"canonical\" href=\"https:\/\/prunidor.fr\/en\/mentions-legales\/\" \/>\n<meta property=\"og:locale\" content=\"en_GB\" \/>\n<meta property=\"og:locale:alternate\" content=\"fr_FR\" \/>\n<meta property=\"og:type\" content=\"article\" \/>\n<meta property=\"og:title\" content=\"Legal terms\" \/>\n<meta property=\"og:description\" content=\"D\u2019une fa\u00e7on g\u00e9n\u00e9rale, vous pouvez visiter notre site sur Internet sans avoir \u00e0 d\u00e9cliner votre identit\u00e9 et \u00e0 fournir des informations personnelles.\" \/>\n<meta property=\"og:url\" content=\"https:\/\/prunidor.fr\/en\/mentions-legales\/\" \/>\n<meta property=\"og:site_name\" content=\"PRUNIDOR\" \/>\n<meta property=\"article:modified_time\" content=\"2018-06-21T16:56:04+00:00\" \/>\n<meta name=\"twitter:card\" content=\"summary_large_image\" \/>\n<meta name=\"twitter:label1\" content=\"Estimated reading time\" \/>\n\t<meta name=\"twitter:data1\" content=\"2 minutes\" \/>\n<script type=\"application\/ld+json\" class=\"yoast-schema-graph\">{\"@context\":\"https:\/\/schema.org\",\"@graph\":[{\"@type\":\"WebPage\",\"@id\":\"https:\/\/prunidor.fr\/mentions-legales\/\",\"url\":\"https:\/\/prunidor.fr\/mentions-legales\/\",\"name\":\"Legal terms\",\"isPartOf\":{\"@id\":\"https:\/\/prunidor.fr\/#website\"},\"datePublished\":\"2017-10-10T10:08:29+00:00\",\"dateModified\":\"2018-06-21T16:56:04+00:00\",\"description\":\"D\u2019une fa\u00e7on g\u00e9n\u00e9rale, vous pouvez visiter notre site sur Internet sans avoir \u00e0 d\u00e9cliner votre identit\u00e9 et \u00e0 fournir des informations personnelles.\",\"breadcrumb\":{\"@id\":\"https:\/\/prunidor.fr\/mentions-legales\/#breadcrumb\"},\"inLanguage\":\"en-GB\",\"potentialAction\":[{\"@type\":\"ReadAction\",\"target\":[\"https:\/\/prunidor.fr\/mentions-legales\/\"]}]},{\"@type\":\"BreadcrumbList\",\"@id\":\"https:\/\/prunidor.fr\/mentions-legales\/#breadcrumb\",\"itemListElement\":[{\"@type\":\"ListItem\",\"position\":1,\"name\":\"Home\",\"item\":\"https:\/\/prunidor.fr\/en\/\"},{\"@type\":\"ListItem\",\"position\":2,\"name\":\"Mentions L\u00e9gales\"}]},{\"@type\":\"WebSite\",\"@id\":\"https:\/\/prunidor.fr\/#website\",\"url\":\"https:\/\/prunidor.fr\/\",\"name\":\"PRUNIDOR\",\"description\":\"Producer of Agen Prunes\",\"potentialAction\":[{\"@type\":\"SearchAction\",\"target\":{\"@type\":\"EntryPoint\",\"urlTemplate\":\"https:\/\/prunidor.fr\/?s={search_term_string}\"},\"query-input\":{\"@type\":\"PropertyValueSpecification\",\"valueRequired\":true,\"valueName\":\"search_term_string\"}}],\"inLanguage\":\"en-GB\"}]}<\/script>\n<!-- \/ Yoast SEO plugin. -->","yoast_head_json":{"title":"Legal terms - PRUNIDOR","description":"D\u2019une fa\u00e7on g\u00e9n\u00e9rale, vous pouvez visiter notre site sur Internet sans avoir \u00e0 d\u00e9cliner votre identit\u00e9 et \u00e0 fournir des informations personnelles.","robots":{"index":"index","follow":"follow","max-snippet":"max-snippet:-1","max-image-preview":"max-image-preview:large","max-video-preview":"max-video-preview:-1"},"canonical":"https:\/\/prunidor.fr\/en\/mentions-legales\/","og_locale":"en_GB","og_type":"article","og_title":"[:en]Legal terms[:fr]Mentions L\u00e9gales[:] - PRUNIDOR","og_description":"D\u2019une fa\u00e7on g\u00e9n\u00e9rale, vous pouvez visiter notre site sur Internet sans avoir \u00e0 d\u00e9cliner votre identit\u00e9 et \u00e0 fournir des informations personnelles.","og_url":"https:\/\/prunidor.fr\/en\/mentions-legales\/","og_site_name":"PRUNIDOR","article_modified_time":"2018-06-21T16:56:04+00:00","twitter_card":"summary_large_image","twitter_misc":{"Estimated reading time":"2 minutes"},"schema":{"@context":"https:\/\/schema.org","@graph":[{"@type":"WebPage","@id":"https:\/\/prunidor.fr\/mentions-legales\/","url":"https:\/\/prunidor.fr\/mentions-legales\/","name":"Legal terms","isPartOf":{"@id":"https:\/\/prunidor.fr\/#website"},"datePublished":"2017-10-10T10:08:29+00:00","dateModified":"2018-06-21T16:56:04+00:00","description":"D\u2019une fa\u00e7on g\u00e9n\u00e9rale, vous pouvez visiter notre site sur Internet sans avoir \u00e0 d\u00e9cliner votre identit\u00e9 et \u00e0 fournir des informations personnelles.","breadcrumb":{"@id":"https:\/\/prunidor.fr\/mentions-legales\/#breadcrumb"},"inLanguage":"en-GB","potentialAction":[{"@type":"ReadAction","target":["https:\/\/prunidor.fr\/mentions-legales\/"]}]},{"@type":"BreadcrumbList","@id":"https:\/\/prunidor.fr\/mentions-legales\/#breadcrumb","itemListElement":[{"@type":"ListItem","position":1,"name":"Home","item":"https:\/\/prunidor.fr\/en\/"},{"@type":"ListItem","position":2,"name":"Mentions L\u00e9gales"}]},{"@type":"WebSite","@id":"https:\/\/prunidor.fr\/#website","url":"https:\/\/prunidor.fr\/","name":"PRUNIDOR","description":"Producer of Agen Prunes","potentialAction":[{"@type":"SearchAction","target":{"@type":"EntryPoint","urlTemplate":"https:\/\/prunidor.fr\/?s={search_term_string}"},"query-input":{"@type":"PropertyValueSpecification","valueRequired":true,"valueName":"search_term_string"}}],"inLanguage":"en-GB"}]}},"_links":{"self":[{"href":"https:\/\/prunidor.fr\/en\/wp-json\/wp\/v2\/pages\/13","targetHints":{"allow":["GET"]}}],"collection":[{"href":"https:\/\/prunidor.fr\/en\/wp-json\/wp\/v2\/pages"}],"about":[{"href":"https:\/\/prunidor.fr\/en\/wp-json\/wp\/v2\/types\/page"}],"author":[{"embeddable":true,"href":"https:\/\/prunidor.fr\/en\/wp-json\/wp\/v2\/users\/1"}],"replies":[{"embeddable":true,"href":"https:\/\/prunidor.fr\/en\/wp-json\/wp\/v2\/comments?post=13"}],"version-history":[{"count":6,"href":"https:\/\/prunidor.fr\/en\/wp-json\/wp\/v2\/pages\/13\/revisions"}],"predecessor-version":[{"id":646,"href":"https:\/\/prunidor.fr\/en\/wp-json\/wp\/v2\/pages\/13\/revisions\/646"}],"wp:attachment":[{"href":"https:\/\/prunidor.fr\/en\/wp-json\/wp\/v2\/media?parent=13"}],"curies":[{"name":"wp","href":"https:\/\/api.w.org\/{rel}","templated":true}]}}